{"id":90,"date":"2016-05-13T12:22:21","date_gmt":"2016-05-13T16:22:21","guid":{"rendered":"https:\/\/portal.sigep.gob.bo\/sgm\/?page_id=90"},"modified":"2020-03-26T11:11:54","modified_gmt":"2020-03-26T15:11:54","slug":"sigma","status":"publish","type":"page","link":"https:\/\/portal.sigep.gob.bo\/index.php\/sigma\/","title":{"rendered":"INSTALADORES SIGMA CENTRAL Y SIGMA PERSONAL"},"content":{"rendered":"<p style=\"text-align: justify;\">La Direcci\u00f3n General de Sistemas de Gesti\u00f3n de Informaci\u00f3n Fiscal pone a disposici\u00f3n de todas las entidades del sector p\u00fablico que operan con los sistemas <strong>SIGMA CENTRAL<\/strong> y <strong>SIGMA PERSONAL,<\/strong> los instaladores y procedimientos necesarios para el correcto funcionamiento de estos sistemas en sus terminales.<\/p>\n<ul>\n<li style=\"text-align: left;\"><strong><a href=\"https:\/\/portal.sigep.gob.bo\/wp-content\/uploads\/2020\/03\/instaladores_sigma_central.rar\">Instaladores SIGMA Central<\/a><\/strong><\/li>\n<li style=\"text-align: left;\"><strong><a href=\"https:\/\/portal.sigep.gob.bo\/wp-content\/uploads\/2020\/03\/instaladores_sigma_personal.rar\">Instaladores SIGMA Personal<\/a><\/strong><\/li>\n<\/ul>\n<p>&nbsp;<\/p>\n<p><!--a href=\"https:\/\/portal.sigep.gob.bo\/wp-content\/uploads\/2016\/05\/sigma_nuevo.gif\"><img loading=\"lazy\" decoding=\"async\" class=\" wp-image-91 size-full aligncenter\" src=\"https:\/\/portal.sigep.gob.bo\/wp-content\/uploads\/2016\/05\/sigma_nuevo.gif\" alt=\"sigma_nuevo\" width=\"169\" height=\"56\" \/><\/a--><\/p>\n<p>&nbsp;<\/p>\n<p><a href=\"https:\/\/portal.sigep.gob.bo\/wp-content\/uploads\/2016\/05\/logo80010MEFPusuario.png\"><img loading=\"lazy\" decoding=\"async\" class=\"size-medium wp-image-120\" src=\"https:\/\/portal.sigep.gob.bo\/wp-content\/uploads\/2016\/05\/logo80010MEFPusuario-300x118.png\" alt=\"logo80010MEFPusuario\" width=\"300\" height=\"118\" \/><\/a><\/p>\n","protected":false},"excerpt":{"rendered":"<p>La Direcci\u00f3n General de Sistemas de Gesti\u00f3n de Informaci\u00f3n Fiscal pone a disposici\u00f3n de todas las entidades del sector p\u00fablico que operan con los sistemas SIGMA CENTRAL y SIGMA PERSONAL, los instaladores y procedimientos necesarios para el correcto funcionamiento de estos sistemas en sus terminales. Instaladores SIGMA Central Instaladores SIGMA Personal &nbsp; &nbsp;<\/p>\n","protected":false},"author":1,"featured_media":91,"parent":0,"menu_order":0,"comment_status":"closed","ping_status":"closed","template":"","meta":{"footnotes":""},"class_list":["post-90","page","type-page","status-publish","has-post-thumbnail","hentry"],"_links":{"self":[{"href":"https:\/\/portal.sigep.gob.bo\/index.php\/wp-json\/wp\/v2\/pages\/90","targetHints":{"allow":["GET"]}}],"collection":[{"href":"https:\/\/portal.sigep.gob.bo\/index.php\/wp-json\/wp\/v2\/pages"}],"about":[{"href":"https:\/\/portal.sigep.gob.bo\/index.php\/wp-json\/wp\/v2\/types\/page"}],"author":[{"embeddable":true,"href":"https:\/\/portal.sigep.gob.bo\/index.php\/wp-json\/wp\/v2\/users\/1"}],"replies":[{"embeddable":true,"href":"https:\/\/portal.sigep.gob.bo\/index.php\/wp-json\/wp\/v2\/comments?post=90"}],"version-history":[{"count":21,"href":"https:\/\/portal.sigep.gob.bo\/index.php\/wp-json\/wp\/v2\/pages\/90\/revisions"}],"predecessor-version":[{"id":4002,"href":"https:\/\/portal.sigep.gob.bo\/index.php\/wp-json\/wp\/v2\/pages\/90\/revisions\/4002"}],"wp:featuredmedia":[{"embeddable":true,"href":"https:\/\/portal.sigep.gob.bo\/index.php\/wp-json\/wp\/v2\/media\/91"}],"wp:attachment":[{"href":"https:\/\/portal.sigep.gob.bo\/index.php\/wp-json\/wp\/v2\/media?parent=90"}],"curies":[{"name":"wp","href":"https:\/\/api.w.org\/{rel}","templated":true}]}}