{"id":3156,"date":"2021-10-14T19:11:19","date_gmt":"2021-10-14T23:11:19","guid":{"rendered":"https:\/\/portal.sigep.gob.bo\/?page_id=3156"},"modified":"2024-07-09T16:17:45","modified_gmt":"2024-07-09T20:17:45","slug":"pagos-electronicos","status":"publish","type":"page","link":"https:\/\/portal.sigep.gob.bo\/index.php\/pagos-electronicos\/","title":{"rendered":"PAGOS ELECTR\u00d3NICOS"},"content":{"rendered":"\n<ul class=\"wp-block-list\">\n<li><a href=\"\/wp-content\/uploads\/2021\/10\/SOCIALIZACION-DE-PAGOS-ELECTRONICOS-13-DE-OCTUBRE-2021.pdf\">Socializacion de pagos electr\u00f3nicos &#8211; 13 de Octubre 2021<\/a><\/li>\n<\/ul>\n\n\n\n<ol class=\"wp-block-list\">\n<li><a href=\"https:\/\/portal.sigep.gob.bo\/wp-content\/uploads\/2022\/03\/Instdgsgif222.pdf\">Instructivo MEFP\/VPCF\/DGSGIF N\u00b02\/2022&nbsp;&#8211; Implantaci\u00f3n de transferencias y pagos electr\u00f3nicos en entidades territoriales aut\u00f3nomas y universidades p\u00fablicas<\/a><\/li>\n\n\n\n<li><a href=\"https:\/\/portal.sigep.gob.bo\/wp-content\/uploads\/2022\/04\/GuiaOpRCPMPE.pdf\">Gu\u00eda Operativa Pagos Electr\u00f3nicos &#8211; Registro de Condiciones Previas<\/a><\/li>\n\n\n\n<li><a href=\"https:\/\/portal.sigep.gob.bo\/wp-content\/uploads\/2021\/10\/1-GUIA-OPERATIVA-PAGOS-ELECTRONICOS-HABILITACION-PERFILES-Y-CONSULTA-DE-FIRMAS-AUTORIZADAS-Y-REGLAS-DE-DESEMBOLSO.pdf\">Gu\u00eda operativa Pagos Electr\u00f3nicos &#8211; Habilitaci\u00f3n de perfiles<\/a><\/li>\n\n\n\n<li><a href=\"https:\/\/portal.sigep.gob.bo\/wp-content\/uploads\/2021\/10\/2-GUIA-OPERATIVA-PAGOS-ELECTRONICOS-CONSULTA-DE-FIRMAS-AUTORIZADAS-Y-REGLAS-DE-DESEMBOLSO.pdf\">Gu\u00eda operativa Pagos Electr\u00f3nicos &#8211; Consulta de firmas autorizadas y reglas de desembolso<\/a><\/li>\n\n\n\n<li><a href=\"https:\/\/portal.sigep.gob.bo\/wp-content\/uploads\/2021\/10\/3-GUIA-OPERATIVA-PAGOS-ELECTRONICOS-CON-2-FIRMAS-AUTORIZADAS.pdf\">Gu\u00eda operativa Pagos Electr\u00f3nicos &#8211; Con 2 firmas autorizadas<\/a><\/li>\n\n\n\n<li><a href=\"https:\/\/portal.sigep.gob.bo\/wp-content\/uploads\/2021\/10\/4-GUIA-OPERATIVA-PAGOS-ELECTRONICOS-ANULACION-DE-PRIORIZACION.pdf\">Gu\u00eda operativa Pagos Electr\u00f3nicos &#8211; Anulaci\u00f3n de priorizaci\u00f3n<\/a><\/li>\n\n\n\n<li><a href=\"https:\/\/portal.sigep.gob.bo\/wp-content\/uploads\/2021\/10\/5-GUIA-OPERATIVA-PAGOS-ELECTRONICOS-ACREEDORES-CON-2-FIRMAS-AUTORIZADAS.pdf\">Gu\u00eda operativa Pagos Electr\u00f3nicos &#8211; Acreedores con dos firmas autorizadas<\/a><\/li>\n\n\n\n<li><a href=\"https:\/\/portal.sigep.gob.bo\/wp-content\/uploads\/2022\/05\/guiaOperativaAutorizacionPagoCiudadaniaDigital1.pdf\">Gu\u00eda operativa Autorizaci\u00f3n de Pago Electr\u00f3nico con Ciudadan\u00eda Digital<\/a><\/li>\n\n\n\n<li><a href=\"https:\/\/portal.sigep.gob.bo\/wp-content\/uploads\/2022\/06\/Instructivo5.pdf\">Instructivo MEFP\/VPCF\/DGSGIF N\u00b05\/2022 &#8211; Habilitaci\u00f3n excepcional y temporal de operaciones de pago con cheque para entidades territoriales aut\u00f3nomas y universidades p\u00fablicas<\/a><\/li>\n\n\n\n<li><a href=\"https:\/\/portal.sigep.gob.bo\/wp-content\/uploads\/2022\/06\/FormularioSHE.docx\">Formulario &#8211; Solicitud de Habilitaci\u00f3n Excepcional y temporal para pago con cheque<\/a><\/li>\n\n\n\n<li><a href=\"https:\/\/portal.sigep.gob.bo\/wp-content\/uploads\/2022\/09\/RM330.pdf\">Resoluci\u00f3n Ministerial N\u00b0330: Aprobaci\u00f3n de Reglamento para transferencias y Pagos Electr\u00f3nicos<\/a><\/li>\n\n\n\n<li><a href=\"https:\/\/portal.sigep.gob.bo\/wp-content\/uploads\/2022\/09\/RM147.pdf\">Resoluci\u00f3n Ministerial N\u00b0147<\/a><\/li>\n\n\n\n<li><a href=\"https:\/\/portal.sigep.gob.bo\/wp-content\/uploads\/2022\/10\/INSTRUCTIVO-VTCP-DGAFT-UOIET-01-2022-HORARIOS-DE-ETA.pdf\">Instructivo MEFP\/VTCP\/DGAFT\/UOIET N\u00b0 01\/2022 Horario de operaciones de pago y transferencia electr\u00f3nica para entidades territoriales aut\u00f3nomas y universidades<\/a><\/li>\n\n\n\n<li><a href=\"https:\/\/portal.sigep.gob.bo\/wp-content\/uploads\/2024\/07\/TES_guiaOperativaTransferenciaElectronicaET_Univ.pdf\" target=\"_blank\" rel=\"noreferrer noopener\">Gu\u00eda Operativa \u201cTransferencias Electr\u00f3nicas, Para Universidades P\u00fablicas, Entidades Territoriales Aut\u00f3nomas, Sus Entidades Desconcentradas, Descentralizadas Y Empresas\u201d<\/a><\/li>\n<\/ol>\n\n\n\n<p><\/p>\n","protected":false},"excerpt":{"rendered":"","protected":false},"author":6,"featured_media":0,"parent":0,"menu_order":0,"comment_status":"closed","ping_status":"closed","template":"page-intranet.php","meta":{"footnotes":""},"class_list":["post-3156","page","type-page","status-publish","hentry"],"_links":{"self":[{"href":"https:\/\/portal.sigep.gob.bo\/index.php\/wp-json\/wp\/v2\/pages\/3156","targetHints":{"allow":["GET"]}}],"collection":[{"href":"https:\/\/portal.sigep.gob.bo\/index.php\/wp-json\/wp\/v2\/pages"}],"about":[{"href":"https:\/\/portal.sigep.gob.bo\/index.php\/wp-json\/wp\/v2\/types\/page"}],"author":[{"embeddable":true,"href":"https:\/\/portal.sigep.gob.bo\/index.php\/wp-json\/wp\/v2\/users\/6"}],"replies":[{"embeddable":true,"href":"https:\/\/portal.sigep.gob.bo\/index.php\/wp-json\/wp\/v2\/comments?post=3156"}],"version-history":[{"count":30,"href":"https:\/\/portal.sigep.gob.bo\/index.php\/wp-json\/wp\/v2\/pages\/3156\/revisions"}],"predecessor-version":[{"id":9667,"href":"https:\/\/portal.sigep.gob.bo\/index.php\/wp-json\/wp\/v2\/pages\/3156\/revisions\/9667"}],"wp:attachment":[{"href":"https:\/\/portal.sigep.gob.bo\/index.php\/wp-json\/wp\/v2\/media?parent=3156"}],"curies":[{"name":"wp","href":"https:\/\/api.w.org\/{rel}","templated":true}]}}